{"id":916,"date":"2021-01-29T03:09:55","date_gmt":"2021-01-29T03:09:55","guid":{"rendered":"https:\/\/safety.wabahome.com\/?page_id=916"},"modified":"2021-01-29T03:16:13","modified_gmt":"2021-01-29T03:16:13","slug":"all-courses","status":"publish","type":"page","link":"https:\/\/safety.wabahome.com\/es\/all-courses\/","title":{"rendered":"Todos los cursos"},"content":{"rendered":"<div class=\"llms-loop\">\n\t<ul class=\"llms-loop-list llms-course-list cols-3\">\n<li class=\"llms-loop-item post-79 course type-course status-publish has-post-thumbnail hentry course_cat-english not-enrolled is-complete\">\n\t<div class=\"llms-loop-item-content\">\n\n\t<a class=\"llms-loop-link\" href=\"https:\/\/safety.wabahome.com\/es\/course\/construction-safety-english\/\">\n\t<img decoding=\"async\" src=\"https:\/\/safety.wabahome.com\/wp-content\/uploads\/2021\/01\/Header_Logo_ENArtboard-1.png\" alt=\"Construction Safety\" class=\"llms-featured-image wp-post-image\">\n\t<h4 class=\"llms-loop-title\">Seguridad en la construcci\u00f3n<\/h4>\n\n\t<footer class=\"llms-loop-item-footer\">\n\t\t<div class=\"llms-meta lp-excerpt\"><p>Este curso est\u00e1 dise\u00f1ado para cubrir algunos protocolos b\u00e1sicos de seguridad relacionados con el lugar de trabajo y la construcci\u00f3n para la industria de la construcci\u00f3n y remodelaci\u00f3n.\u00a0<\/p>\n<\/div>\t<div class=\"llms-author\">\n\t\t<img alt='tannercole' src='https:\/\/secure.gravatar.com\/avatar\/9071bca10fa0dfaccf58b156804a92359778b71993343cfac0975becea8681f3?s=28&#038;d=mm&#038;r=g' class='avatar avatar-28 photo' height='28' width='28' \/>\t\t<span class=\"llms-author-info name\">tannercole<\/span>\n\t\t\t\t\t<\/div>\n\t\n<div class=\"llms-meta llms-lessons-count\">\n\t<p>\n\t\tNumber of lessons: <span class=\"lessons-count\">6<\/span>\t<\/p>\n<\/div>\n\t<\/footer>\n\n\t<\/a><!-- .llms-loop-link -->\n\t<\/div><!-- .llms-loop-item-content -->\n<\/li><!-- .llms-loop-item -->\n<li class=\"llms-loop-item post-1037 course type-course status-publish has-post-thumbnail hentry course_cat-english not-enrolled is-complete\">\n\t<div class=\"llms-loop-item-content\">\n\n\t<a class=\"llms-loop-link\" href=\"https:\/\/safety.wabahome.com\/es\/course\/office-management\/\">\n\t<img decoding=\"async\" src=\"https:\/\/safety.wabahome.com\/wp-content\/uploads\/2021\/01\/Header_Logo_ENArtboard-1-1.png\" alt=\"Office &#038; Management\" class=\"llms-featured-image wp-post-image\">\n\t<h4 class=\"llms-loop-title\">Oficina y Gesti\u00f3n<\/h4>\n\n\t<footer class=\"llms-loop-item-footer\">\n\t\t<div class=\"llms-meta lp-excerpt\"><p>Este curso est\u00e1 dise\u00f1ado para resaltar algunos de los aspectos importantes de la promoci\u00f3n de un lugar de trabajo y un entorno de trabajo seguros desde una perspectiva gerencial y administrativa.<\/p>\n<\/div>\t<div class=\"llms-author\">\n\t\t<img alt='tannercole' src='https:\/\/secure.gravatar.com\/avatar\/9071bca10fa0dfaccf58b156804a92359778b71993343cfac0975becea8681f3?s=28&#038;d=mm&#038;r=g' class='avatar avatar-28 photo' height='28' width='28' \/>\t\t<span class=\"llms-author-info name\">tannercole<\/span>\n\t\t\t\t\t<\/div>\n\t\n<div class=\"llms-meta llms-lessons-count\">\n\t<p>\n\t\tNumber of lessons: <span class=\"lessons-count\">0<\/span>\t<\/p>\n<\/div>\n\t<\/footer>\n\n\t<\/a><!-- .llms-loop-link -->\n\t<\/div><!-- .llms-loop-item-content -->\n<\/li><!-- .llms-loop-item -->\n<li class=\"llms-loop-item post-943 course type-course status-publish has-post-thumbnail hentry course_cat-spanish not-enrolled is-complete\">\n\t<div class=\"llms-loop-item-content\">\n\n\t<a class=\"llms-loop-link\" href=\"https:\/\/safety.wabahome.com\/es\/course\/oficina-y-gestion\/\">\n\t<img decoding=\"async\" src=\"https:\/\/safety.wabahome.com\/wp-content\/uploads\/2021\/01\/Course_Logo_ESArtboard-1-1.png\" alt=\"Oficina y Gesti\u00f3n\" class=\"llms-featured-image wp-post-image\">\n\t<h4 class=\"llms-loop-title\">Oficina y Gesti\u00f3n<\/h4>\n\n\t<footer class=\"llms-loop-item-footer\">\n\t\t<div class=\"llms-meta lp-excerpt\"><p>Este curso est\u00e1 dise\u00f1ado para resaltar algunos de los aspectos importantes de la promoci\u00f3n de un lugar de trabajo y un entorno de trabajo seguros desde una perspectiva gerencial y administrativa.<\/p>\n<\/div>\t<div class=\"llms-author\">\n\t\t<img alt='tannercole' src='https:\/\/secure.gravatar.com\/avatar\/9071bca10fa0dfaccf58b156804a92359778b71993343cfac0975becea8681f3?s=28&#038;d=mm&#038;r=g' class='avatar avatar-28 photo' height='28' width='28' \/>\t\t<span class=\"llms-author-info name\">tannercole<\/span>\n\t\t\t\t\t<\/div>\n\t\n<div class=\"llms-meta llms-lessons-count\">\n\t<p>\n\t\tNumber of lessons: <span class=\"lessons-count\">1<\/span>\t<\/p>\n<\/div>\n\t<\/footer>\n\n\t<\/a><!-- .llms-loop-link -->\n\t<\/div><!-- .llms-loop-item-content -->\n<\/li><!-- .llms-loop-item -->\n<li class=\"llms-loop-item post-676 course type-course status-publish has-post-thumbnail hentry course_cat-spanish not-enrolled is-complete\">\n\t<div class=\"llms-loop-item-content\">\n\n\t<a class=\"llms-loop-link\" href=\"https:\/\/safety.wabahome.com\/es\/course\/jobsite-safety-spanish\/\">\n\t<img decoding=\"async\" src=\"https:\/\/safety.wabahome.com\/wp-content\/uploads\/2021\/01\/Course_Logo_ESArtboard-1.png\" alt=\"Seguridad en la construcci\u00f3n\" class=\"llms-featured-image wp-post-image\">\n\t<h4 class=\"llms-loop-title\">Seguridad en la construcci\u00f3n<\/h4>\n\n\t<footer class=\"llms-loop-item-footer\">\n\t\t<div class=\"llms-meta lp-excerpt\"><p>Este curso est\u00e1 dise\u00f1ado para cubrir algunos protocolos b\u00e1sicos de seguridad relacionados con el lugar de trabajo y la construcci\u00f3n para la industria de la construcci\u00f3n y remodelaci\u00f3n.\u00a0<\/p>\n<\/div>\t<div class=\"llms-author\">\n\t\t<img alt='tannercole' src='https:\/\/secure.gravatar.com\/avatar\/9071bca10fa0dfaccf58b156804a92359778b71993343cfac0975becea8681f3?s=28&#038;d=mm&#038;r=g' class='avatar avatar-28 photo' height='28' width='28' \/>\t\t<span class=\"llms-author-info name\">tannercole<\/span>\n\t\t\t\t\t<\/div>\n\t\n<div class=\"llms-meta llms-lessons-count\">\n\t<p>\n\t\tNumber of lessons: <span class=\"lessons-count\">0<\/span>\t<\/p>\n<\/div>\n\t<\/footer>\n\n\t<\/a><!-- .llms-loop-link -->\n\t<\/div><!-- .llms-loop-item-content -->\n<\/li><!-- .llms-loop-item -->\n\t<\/ul>\n<\/div><!-- .llms-loop -->","protected":false},"excerpt":{"rendered":"<p>Course Information Categories: Spanish Course Instructor Wichita Area Builders Association Course Sponsor This course does not have any sections.<\/p>","protected":false},"author":1,"featured_media":0,"parent":0,"menu_order":0,"comment_status":"closed","ping_status":"closed","template":"","meta":{"_coblocks_attr":"","_coblocks_dimensions":"","_coblocks_responsive_height":"","_coblocks_accordion_ie_support":"","footnotes":""},"class_list":["post-916","page","type-page","status-publish","hentry"],"_links":{"self":[{"href":"https:\/\/safety.wabahome.com\/es\/wp-json\/wp\/v2\/pages\/916","targetHints":{"allow":["GET"]}}],"collection":[{"href":"https:\/\/safety.wabahome.com\/es\/wp-json\/wp\/v2\/pages"}],"about":[{"href":"https:\/\/safety.wabahome.com\/es\/wp-json\/wp\/v2\/types\/page"}],"author":[{"embeddable":true,"href":"https:\/\/safety.wabahome.com\/es\/wp-json\/wp\/v2\/users\/1"}],"replies":[{"embeddable":true,"href":"https:\/\/safety.wabahome.com\/es\/wp-json\/wp\/v2\/comments?post=916"}],"version-history":[{"count":0,"href":"https:\/\/safety.wabahome.com\/es\/wp-json\/wp\/v2\/pages\/916\/revisions"}],"wp:attachment":[{"href":"https:\/\/safety.wabahome.com\/es\/wp-json\/wp\/v2\/media?parent=916"}],"curies":[{"name":"wp","href":"https:\/\/api.w.org\/{rel}","templated":true}]}}